{"id":744,"date":"2023-03-30T10:10:49","date_gmt":"2023-03-30T07:10:49","guid":{"rendered":"https:\/\/dominicanrepubliceticket.eu\/contact\/"},"modified":"2025-06-23T17:43:15","modified_gmt":"2025-06-23T14:43:15","slug":"contactenos","status":"publish","type":"page","link":"https:\/\/dominicanrepubliceticket.eu\/es\/contactenos\/","title":{"rendered":"Contactenos"},"content":{"rendered":"<style>.kb-row-layout-id744_686c93-68 > .kt-row-column-wrap{align-content:start;}:where(.kb-row-layout-id744_686c93-68 > .kt-row-column-wrap) > .wp-block-kadence-column{justify-content:start;}.kb-row-layout-id744_686c93-68 > .kt-row-column-wrap{column-gap:var(--global-kb-gap-md, 2rem);row-gap:var(--global-kb-gap-md, 2rem);padding-top:var(--global-kb-spacing-sm, 1.5rem);padding-bottom:var(--global-kb-spacing-sm, 1.5rem);grid-template-columns:repeat(2, minmax(0, 1fr));}.kb-row-layout-id744_686c93-68 > .kt-row-layout-overlay{opacity:0.30;}@media all and (max-width: 1024px){.kb-row-layout-id744_686c93-68 > .kt-row-column-wrap{grid-template-columns:repeat(2, minmax(0, 1fr));}}@media all and (max-width: 767px){.kb-row-layout-id744_686c93-68 > .kt-row-column-wrap{grid-template-columns:minmax(0, 1fr);}}<\/style><div class=\"kb-row-layout-wrap kb-row-layout-id744_686c93-68 alignnone wp-block-kadence-rowlayout\"><div class=\"kt-row-column-wrap kt-has-2-columns kt-row-layout-equal kt-tab-layout-inherit kt-mobile-layout-row kt-row-valign-top\">\n<style>.kadence-column744_f07841-fa > .kt-inside-inner-col,.kadence-column744_f07841-fa > .kt-inside-inner-col:before{border-top-left-radius:0px;border-top-right-radius:0px;border-bottom-right-radius:0px;border-bottom-left-radius:0px;}.kadence-column744_f07841-fa > .kt-inside-inner-col{column-gap:var(--global-kb-gap-sm, 1rem);}.kadence-column744_f07841-fa > .kt-inside-inner-col{flex-direction:column;}.kadence-column744_f07841-fa > .kt-inside-inner-col > .aligncenter{width:100%;}.kadence-column744_f07841-fa > .kt-inside-inner-col:before{opacity:0.3;}.kadence-column744_f07841-fa{position:relative;}@media all and (max-width: 1024px){.kadence-column744_f07841-fa > .kt-inside-inner-col{flex-direction:column;justify-content:center;}}@media all and (max-width: 767px){.kadence-column744_f07841-fa > .kt-inside-inner-col{flex-direction:column;justify-content:center;}}<\/style>\n<div class=\"wp-block-kadence-column kadence-column744_f07841-fa\"><div class=\"kt-inside-inner-col\">\n<figure class=\"wp-block-image\"><img loading=\"lazy\" decoding=\"async\" width=\"500\" height=\"334\" src=\"https:\/\/dominicanrepubliceticket.eu\/wp-content\/uploads\/2023\/05\/customer-service_DR.jpg\" alt=\"\" class=\"wp-image-845\" srcset=\"https:\/\/dominicanrepubliceticket.eu\/wp-content\/uploads\/2023\/05\/customer-service_DR.jpg 500w, https:\/\/dominicanrepubliceticket.eu\/wp-content\/uploads\/2023\/05\/customer-service_DR-300x200.jpg 300w\" sizes=\"auto, (max-width: 500px) 100vw, 500px\" \/><\/figure>\n\n\n\n<p id=\"tw-target-text\">Si necesita ayuda o tiene preguntas sobre el proceso de solicitud y obtenci\u00f3n del e-Ticket dominicano, no dude en ponerse en contacto con nosotros a trav\u00e9s del formulario de contacto de esta p\u00e1gina.<\/p>\n\n\n\n<p id=\"tw-target-text\">Un representante de servicio al cliente se pondr\u00e1 en contacto con Usted en breve.<\/p>\n\n\n\n<p><strong>Contacto telef\u00f3nico:<\/strong>:<\/p>\n\n\n\n<ul class=\"wp-block-list\">\n<li>+1 (954) 769 0584<\/li>\n<\/ul>\n\n\n\n<p><strong>Horario de atenci\u00f3n:<\/strong><\/p>\n\n\n\n<ul class=\"wp-block-list\">\n<li>Lunes a viernes: 9:00 AM a 6:00 PM (EST, GMT-5)<\/li>\n<\/ul>\n\n\n\n<p><strong>B\u00fcroadresse<\/strong>:<\/p>\n\n\n\n<ul class=\"wp-block-list\">\n<li>Globovista LLC<\/li>\n\n\n\n<li>10661 North Kendall Drive, Suite 206-A<\/li>\n\n\n\n<li>Miami, FL 33176<\/li>\n\n\n\n<li>Estados Unidos<\/li>\n<\/ul>\n<\/div><\/div>\n\n\n<style>.kadence-column744_5bc74d-7f > .kt-inside-inner-col,.kadence-column744_5bc74d-7f > .kt-inside-inner-col:before{border-top-left-radius:0px;border-top-right-radius:0px;border-bottom-right-radius:0px;border-bottom-left-radius:0px;}.kadence-column744_5bc74d-7f > .kt-inside-inner-col{column-gap:var(--global-kb-gap-sm, 1rem);}.kadence-column744_5bc74d-7f > .kt-inside-inner-col{flex-direction:column;}.kadence-column744_5bc74d-7f > .kt-inside-inner-col > .aligncenter{width:100%;}.kadence-column744_5bc74d-7f > .kt-inside-inner-col:before{opacity:0.3;}.kadence-column744_5bc74d-7f{position:relative;}@media all and (max-width: 1024px){.kadence-column744_5bc74d-7f > .kt-inside-inner-col{flex-direction:column;justify-content:center;}}@media all and (max-width: 767px){.kadence-column744_5bc74d-7f > .kt-inside-inner-col{flex-direction:column;justify-content:center;}}<\/style>\n<div class=\"wp-block-kadence-column kadence-column744_5bc74d-7f\"><div class=\"kt-inside-inner-col\"><\/div><\/div>\n\n<\/div><\/div>\n\n<style>.kb-row-layout-wrap.wp-block-kadence-rowlayout.kb-row-layout-id744_a810e1-5e{margin-bottom:var(--global-kb-spacing-lg, 3rem);}.kb-row-layout-id744_a810e1-5e > .kt-row-column-wrap{align-content:start;}:where(.kb-row-layout-id744_a810e1-5e > .kt-row-column-wrap) > .wp-block-kadence-column{justify-content:start;}.kb-row-layout-id744_a810e1-5e > .kt-row-column-wrap{column-gap:var(--global-kb-gap-md, 2rem);row-gap:var(--global-kb-gap-md, 2rem);max-width:var( --global-content-width, 1200px );padding-left:var(--global-content-edge-padding);padding-right:var(--global-content-edge-padding);padding-top:var(--global-kb-spacing-lg, 3rem);padding-right:0px;padding-bottom:var(--global-kb-spacing-lg, 3rem);padding-left:0px;grid-template-columns:minmax(0, 1fr);}.kb-row-layout-id744_a810e1-5e > .kt-row-layout-overlay{opacity:0.30;}@media all and (max-width: 1024px){.kb-row-layout-id744_a810e1-5e > .kt-row-column-wrap{grid-template-columns:minmax(0, 1fr);}}@media all and (max-width: 767px){.kb-row-layout-id744_a810e1-5e > .kt-row-column-wrap{grid-template-columns:minmax(0, 1fr);}}<\/style><div class=\"kb-row-layout-wrap kb-row-layout-id744_a810e1-5e alignnone wp-block-kadence-rowlayout\"><div class=\"kt-row-column-wrap kt-has-1-columns kt-row-layout-equal kt-tab-layout-inherit kt-mobile-layout-row kt-row-valign-top kb-theme-content-width\">\n<style>.kadence-column744_247b9f-d8 > .kt-inside-inner-col,.kadence-column744_247b9f-d8 > .kt-inside-inner-col:before{border-top-left-radius:0px;border-top-right-radius:0px;border-bottom-right-radius:0px;border-bottom-left-radius:0px;}.kadence-column744_247b9f-d8 > .kt-inside-inner-col{column-gap:var(--global-kb-gap-sm, 1rem);}.kadence-column744_247b9f-d8 > .kt-inside-inner-col{flex-direction:column;}.kadence-column744_247b9f-d8 > .kt-inside-inner-col > .aligncenter{width:100%;}.kadence-column744_247b9f-d8 > .kt-inside-inner-col:before{opacity:0.3;}.kadence-column744_247b9f-d8{position:relative;}@media all and (max-width: 1024px){.kadence-column744_247b9f-d8 > .kt-inside-inner-col{flex-direction:column;justify-content:center;}}@media all and (max-width: 767px){.kadence-column744_247b9f-d8 > .kt-inside-inner-col{flex-direction:column;justify-content:center;}}<\/style>\n<div class=\"wp-block-kadence-column kadence-column744_247b9f-d8\"><div class=\"kt-inside-inner-col\">\n<h2 class=\"wp-block-heading has-text-align-center textp\" id=\"frequently-asked-questions\">PREGUNTAS FRECUENTES:<\/h2>\n\n\n<style>.wp-block-kadence-spacer.kt-block-spacer-744_c089fb-c3 .kt-block-spacer{height:30px;}.wp-block-kadence-spacer.kt-block-spacer-744_c089fb-c3 .kt-divider{border-top-width:1px;height:1px;border-top-color:#eee;width:80%;border-top-style:solid;}<\/style>\n<div class=\"wp-block-kadence-spacer aligncenter kt-block-spacer-744_c089fb-c3\"><div class=\"kt-block-spacer kt-block-spacer-halign-center\"><\/div><\/div>\n\n\n<style>.kb-row-layout-id744_52fba1-65 > .kt-row-column-wrap{align-content:start;}:where(.kb-row-layout-id744_52fba1-65 > .kt-row-column-wrap) > .wp-block-kadence-column{justify-content:start;}.kb-row-layout-id744_52fba1-65 > .kt-row-column-wrap{column-gap:var(--global-kb-gap-md, 2rem);row-gap:var(--global-kb-gap-md, 2rem);padding-top:0px;padding-bottom:0px;grid-template-columns:minmax(0, 1fr);}.kb-row-layout-id744_52fba1-65{border-top-left-radius:25px;border-top-right-radius:25px;border-bottom-right-radius:25px;border-bottom-left-radius:25px;overflow:clip;isolation:isolate;}.kb-row-layout-id744_52fba1-65 > .kt-row-layout-overlay{border-top-left-radius:25px;border-top-right-radius:25px;border-bottom-right-radius:25px;border-bottom-left-radius:25px;}.kb-row-layout-id744_52fba1-65{border-top:1px solid #e5e5e5;border-right:1px solid #e5e5e5;border-bottom:1px solid #e5e5e5;border-left:1px solid #e5e5e5;}.kb-row-layout-id744_52fba1-65 > .kt-row-layout-overlay{opacity:0.30;}@media all and (max-width: 1024px){.kb-row-layout-id744_52fba1-65 > .kt-row-column-wrap{grid-template-columns:minmax(0, 1fr);}}@media all and (max-width: 1024px){.kb-row-layout-id744_52fba1-65{border-top:1px solid #e5e5e5;border-right:1px solid #e5e5e5;border-bottom:1px solid #e5e5e5;border-left:1px solid #e5e5e5;}}@media all and (max-width: 767px){.kb-row-layout-id744_52fba1-65 > .kt-row-column-wrap{grid-template-columns:minmax(0, 1fr);}.kb-row-layout-id744_52fba1-65{border-top:1px solid #e5e5e5;border-right:1px solid #e5e5e5;border-bottom:1px solid #e5e5e5;border-left:1px solid #e5e5e5;}}<\/style><div class=\"kb-row-layout-wrap kb-row-layout-id744_52fba1-65 alignnone wp-block-kadence-rowlayout\"><div class=\"kt-row-column-wrap kt-has-1-columns kt-row-layout-equal kt-tab-layout-inherit kt-mobile-layout-row kt-row-valign-top\">\n<style>.kadence-column744_b592f6-e0 > .kt-inside-inner-col,.kadence-column744_b592f6-e0 > .kt-inside-inner-col:before{border-top-left-radius:0px;border-top-right-radius:0px;border-bottom-right-radius:0px;border-bottom-left-radius:0px;}.kadence-column744_b592f6-e0 > .kt-inside-inner-col{column-gap:var(--global-kb-gap-sm, 1rem);}.kadence-column744_b592f6-e0 > .kt-inside-inner-col{flex-direction:column;}.kadence-column744_b592f6-e0 > .kt-inside-inner-col > .aligncenter{width:100%;}.kadence-column744_b592f6-e0 > .kt-inside-inner-col:before{opacity:0.3;}.kadence-column744_b592f6-e0{position:relative;}@media all and (max-width: 1024px){.kadence-column744_b592f6-e0 > .kt-inside-inner-col{flex-direction:column;justify-content:center;}}@media all and (max-width: 767px){.kadence-column744_b592f6-e0 > .kt-inside-inner-col{flex-direction:column;justify-content:center;}}<\/style>\n<div class=\"wp-block-kadence-column kadence-column744_b592f6-e0\"><div class=\"kt-inside-inner-col\"><style>.kt-accordion-id744_030602-96 .kt-accordion-inner-wrap{column-gap:var(--global-kb-gap-md, 2rem);row-gap:0px;}.kt-accordion-id744_030602-96 .kt-accordion-panel-inner{border-top:0px solid transparent;border-right:0px solid #eeeeee;border-bottom:0px solid #eeeeee;border-left:0px solid #eeeeee;background:#ffffff;padding-top:var(--global-kb-spacing-sm, 1.5rem);padding-right:var(--global-kb-spacing-sm, 1.5rem);padding-bottom:var(--global-kb-spacing-md, 2rem);padding-left:var(--global-kb-spacing-sm, 1.5rem);}.kt-accordion-id744_030602-96 > .kt-accordion-inner-wrap > .wp-block-kadence-pane > .kt-accordion-header-wrap > .kt-blocks-accordion-header{border-top:1px solid #eeeeee;border-right:0px solid #eeeeee;border-bottom:1px solid #eeeeee;border-left:0px solid var(--global-palette7, #EDF2F7);background:#f9f9f9;line-height:1.9em;font-weight:bold;color:#000000;padding-top:14px;padding-right:16px;padding-bottom:14px;padding-left:16px;}.kt-accordion-id744_030602-96:not( .kt-accodion-icon-style-basiccircle ):not( .kt-accodion-icon-style-xclosecircle ):not( .kt-accodion-icon-style-arrowcircle )  > .kt-accordion-inner-wrap > .wp-block-kadence-pane > .kt-accordion-header-wrap .kt-blocks-accordion-icon-trigger:after, .kt-accordion-id744_030602-96:not( .kt-accodion-icon-style-basiccircle ):not( .kt-accodion-icon-style-xclosecircle ):not( .kt-accodion-icon-style-arrowcircle )  > .kt-accordion-inner-wrap > .wp-block-kadence-pane > .kt-accordion-header-wrap .kt-blocks-accordion-icon-trigger:before{background:#000000;}.kt-accordion-id744_030602-96 .kt-accordion-panel-inner, .kt-accordion-id744_030602-96 .kt-accordion-panel-inner h1, .kt-accordion-id744_030602-96 .kt-accordion-panel-inner h2, .kt-accordion-id744_030602-96 .kt-accordion-panel-inner h3, .kt-accordion-id744_030602-96 .kt-accordion-panel-inner h4, .kt-accordion-id744_030602-96 .kt-accordion-panel-inner h5, .kt-accordion-id744_030602-96 .kt-accordion-panel-inner h6{color:#555555;}.kt-accordion-id744_030602-96:not( .kt-accodion-icon-style-basic ):not( .kt-accodion-icon-style-xclose ):not( .kt-accodion-icon-style-arrow ) .kt-blocks-accordion-icon-trigger{background:#000000;}.kt-accordion-id744_030602-96:not( .kt-accodion-icon-style-basic ):not( .kt-accodion-icon-style-xclose ):not( .kt-accodion-icon-style-arrow ) .kt-blocks-accordion-icon-trigger:after, .kt-accordion-id744_030602-96:not( .kt-accodion-icon-style-basic ):not( .kt-accodion-icon-style-xclose ):not( .kt-accodion-icon-style-arrow ) .kt-blocks-accordion-icon-trigger:before{background:#f9f9f9;}.kt-accordion-id744_030602-96 > .kt-accordion-inner-wrap > .wp-block-kadence-pane > .kt-accordion-header-wrap > .kt-blocks-accordion-header:hover, \n\t\t\t\tbody:not(.hide-focus-outline) .kt-accordion-id744_030602-96 .kt-blocks-accordion-header:focus-visible{border-top-color:#e5e5e5;border-top-style:solid;border-right-color:#e5e5e5;border-right-style:solid;border-bottom-color:#e5e5e5;border-bottom-style:solid;border-left-color:#e5e5e5;border-left-style:solid;}.kt-accordion-id744_030602-96 .kt-accordion-header-wrap .kt-blocks-accordion-header:focus-visible,\n\t\t\t\t.kt-accordion-id744_030602-96 > .kt-accordion-inner-wrap > .wp-block-kadence-pane > .kt-accordion-header-wrap > .kt-blocks-accordion-header.kt-accordion-panel-active{background:var(--global-palette9, #ffffff);border-top:1px solid #eeeeee;border-right-color:#eeeeee;border-right-style:solid;border-bottom:0px solid #eeeeee;border-left-color:#e5e5e5;border-left-style:solid;}.kt-accordion-id744_030602-96:not( .kt-accodion-icon-style-basic ):not( .kt-accodion-icon-style-xclose ):not( .kt-accodion-icon-style-arrow ) .kt-blocks-accordion-header.kt-accordion-panel-active .kt-blocks-accordion-icon-trigger:after, .kt-accordion-id744_030602-96:not( .kt-accodion-icon-style-basic ):not( .kt-accodion-icon-style-xclose ):not( .kt-accodion-icon-style-arrow ) .kt-blocks-accordion-header.kt-accordion-panel-active .kt-blocks-accordion-icon-trigger:before{background:var(--global-palette9, #ffffff);}@media all and (max-width: 1024px){.kt-accordion-id744_030602-96 .kt-accordion-panel-inner{border-top:0px solid transparent;border-right:0px solid #eeeeee;border-bottom:0px solid #eeeeee;border-left:0px solid #eeeeee;}}@media all and (max-width: 1024px){.kt-accordion-id744_030602-96 > .kt-accordion-inner-wrap > .wp-block-kadence-pane > .kt-accordion-header-wrap > .kt-blocks-accordion-header{border-top:1px solid #eeeeee;border-right:0px solid #eeeeee;border-bottom:1px solid #eeeeee;border-left:0px solid var(--global-palette7, #EDF2F7);}}@media all and (max-width: 1024px){.kt-accordion-id744_030602-96 > .kt-accordion-inner-wrap > .wp-block-kadence-pane > .kt-accordion-header-wrap > .kt-blocks-accordion-header:hover, \n\t\t\t\tbody:not(.hide-focus-outline) .kt-accordion-id744_030602-96 .kt-blocks-accordion-header:focus-visible{border-top-color:#e5e5e5;border-top-style:solid;border-right-color:#e5e5e5;border-right-style:solid;border-bottom-color:#e5e5e5;border-bottom-style:solid;border-left-color:#e5e5e5;border-left-style:solid;}}@media all and (max-width: 1024px){.kt-accordion-id744_030602-96 .kt-accordion-header-wrap .kt-blocks-accordion-header:focus-visible,\n\t\t\t\t.kt-accordion-id744_030602-96 > .kt-accordion-inner-wrap > .wp-block-kadence-pane > .kt-accordion-header-wrap > .kt-blocks-accordion-header.kt-accordion-panel-active{border-top:1px solid #eeeeee;border-right-color:#eeeeee;border-right-style:solid;border-bottom:0px solid #eeeeee;border-left-color:#e5e5e5;border-left-style:solid;}}@media all and (max-width: 767px){.kt-accordion-id744_030602-96 .kt-accordion-inner-wrap{display:block;}.kt-accordion-id744_030602-96 .kt-accordion-inner-wrap .kt-accordion-pane:not(:first-child){margin-top:0px;}.kt-accordion-id744_030602-96 .kt-accordion-panel-inner{border-top:0px solid transparent;border-right:0px solid #eeeeee;border-bottom:0px solid #eeeeee;border-left:0px solid #eeeeee;}.kt-accordion-id744_030602-96 > .kt-accordion-inner-wrap > .wp-block-kadence-pane > .kt-accordion-header-wrap > .kt-blocks-accordion-header{border-top:1px solid #eeeeee;border-right:0px solid #eeeeee;border-bottom:1px solid #eeeeee;border-left:0px solid var(--global-palette7, #EDF2F7);font-size:15px;}.kt-accordion-id744_030602-96 > .kt-accordion-inner-wrap > .wp-block-kadence-pane > .kt-accordion-header-wrap > .kt-blocks-accordion-header:hover, \n\t\t\t\tbody:not(.hide-focus-outline) .kt-accordion-id744_030602-96 .kt-blocks-accordion-header:focus-visible{border-top-color:#e5e5e5;border-top-style:solid;border-right-color:#e5e5e5;border-right-style:solid;border-bottom-color:#e5e5e5;border-bottom-style:solid;border-left-color:#e5e5e5;border-left-style:solid;}.kt-accordion-id744_030602-96 .kt-accordion-header-wrap .kt-blocks-accordion-header:focus-visible,\n\t\t\t\t.kt-accordion-id744_030602-96 > .kt-accordion-inner-wrap > .wp-block-kadence-pane > .kt-accordion-header-wrap > .kt-blocks-accordion-header.kt-accordion-panel-active{border-top:1px solid #eeeeee;border-right-color:#eeeeee;border-right-style:solid;border-bottom:0px solid #eeeeee;border-left-color:#e5e5e5;border-left-style:solid;}}<\/style>\n<div class=\"wp-block-kadence-accordion alignnone\"><div class=\"kt-accordion-wrap kt-accordion-id744_030602-96 kt-accordion-has-13-panes kt-active-pane-0 kt-accordion-block kt-pane-header-alignment-left kt-accodion-icon-style-basic kt-accodion-icon-side-right\" style=\"max-width:none\"><div class=\"kt-accordion-inner-wrap\" data-allow-multiple-open=\"false\" data-start-open=\"none\">\n<div class=\"wp-block-kadence-pane kt-accordion-pane kt-accordion-pane-1 kt-pane744_ab3fab-9e firstfaq\"><div class=\"kt-accordion-header-wrap\"><button class=\"kt-blocks-accordion-header kt-acccordion-button-label-show\" type=\"button\"><span class=\"kt-blocks-accordion-title-wrap\"><span class=\"kt-blocks-accordion-title\"><strong>\u00bfCu\u00e1nto tiempo se tarda en recibir mi billete electr\u00f3nico por La Rep\u00fablica Dominicana?<\/strong><\/span><\/span><span class=\"kt-blocks-accordion-icon-trigger\"><\/span><\/button><\/div><div class=\"kt-accordion-panel kt-accordion-panel-hidden\"><div class=\"kt-accordion-panel-inner\">\n<p>Normalmente, los solicitantes reciben su permiso de entrada por correo electr\u00f3nico en un plazo de 24 horas. Solicitar el billete electr\u00f3nico de Rep\u00fablica Dominicana lleva s\u00f3lo unos cinco minutos. Si no ha recibido respuesta dentro de las 48 horas, revise la carpeta de correo no deseado de su correo electr\u00f3nico para asegurarse de que su visa no se pierda all\u00ed accidentalmente.<\/p>\n<\/div><\/div><\/div>\n\n\n\n<div class=\"wp-block-kadence-pane kt-accordion-pane kt-accordion-pane-3 kt-pane744_723bc1-86\"><div class=\"kt-accordion-header-wrap\"><button class=\"kt-blocks-accordion-header kt-acccordion-button-label-show\" type=\"button\"><span class=\"kt-blocks-accordion-title-wrap\"><span class=\"kt-blocks-accordion-title\"><strong><strong>\u00bfCu\u00e1ndo se responder\u00e1 mi pregunta enviada aqu\u00ed?<\/strong><\/strong><\/span><\/span><span class=\"kt-blocks-accordion-icon-trigger\"><\/span><\/button><\/div><div class=\"kt-accordion-panel kt-accordion-panel-hidden\"><div class=\"kt-accordion-panel-inner\">\n<p>Nuestro equipo dedicado tiene como objetivo abordar todas las consultas con prontitud, generalmente respondiendo en una hora y, a menudo, incluso en unos pocos minutos.<\/p>\n\n\n\n<p>Para obtener asistencia inmediata durante el horario comercial, tambi\u00e9n puede utilizar nuestra funci\u00f3n de chat o tel\u00e9fono, donde nuestros representantes de servicio capacitados est\u00e1n disponibles para brindarle asistencia en cuesti\u00f3n de minutos.<\/p>\n<\/div><\/div><\/div>\n\n\n\n<div class=\"wp-block-kadence-pane kt-accordion-pane kt-accordion-pane-4 kt-pane744_053b5d-3e\"><div class=\"kt-accordion-header-wrap\"><button class=\"kt-blocks-accordion-header kt-acccordion-button-label-show\" type=\"button\"><span class=\"kt-blocks-accordion-title-wrap\"><span class=\"kt-blocks-accordion-title\"><strong><strong>\u00bfCu\u00e1ndo necesitar\u00e9 mi billete electr\u00f3nico durante el viaje?<\/strong><\/strong><\/span><\/span><span class=\"kt-blocks-accordion-icon-trigger\"><\/span><\/button><\/div><div class=\"kt-accordion-panel kt-accordion-panel-hidden\"><div class=\"kt-accordion-panel-inner\">\n<p>Necesitar\u00e1 su billete electr\u00f3nico en varias etapas de su viaje:<\/p>\n\n\n\n<ul class=\"wp-block-list\">\n<li>Reserva y Reserva de tu vuelo.<\/li>\n\n\n\n<li>&nbsp;Check-in: Tanto el check-in online como en el aeropuerto necesitan un billete electr\u00f3nico junto a su tarjeta de embarque.<\/li>\n\n\n\n<li>&nbsp;Seguridad Aeroportuaria y control de pasaportes.<\/li>\n\n\n\n<li>&nbsp;Embarque de su vuelo.<\/li>\n\n\n\n<li>&nbsp;Traslados o Conexiones: si tiene alg\u00fan vuelo de conexi\u00f3n durante su viaje, es posible que deba mostrar su boleto electr\u00f3nico al realizar transbordos entre vuelos.<\/li>\n\n\n\n<li>&nbsp;Control migratorio a su llegada a Rep\u00fablica Dominicana.<\/li>\n<\/ul>\n<\/div><\/div><\/div>\n\n\n\n<div class=\"wp-block-kadence-pane kt-accordion-pane kt-accordion-pane-5 kt-pane744_3c4236-40\"><div class=\"kt-accordion-header-wrap\"><button class=\"kt-blocks-accordion-header kt-acccordion-button-label-show\" type=\"button\"><span class=\"kt-blocks-accordion-title-wrap\"><span class=\"kt-blocks-accordion-title\"><strong><strong>\u00bfC\u00f3mo obtengo un billete electr\u00f3nico para Rep\u00fablica Dominicana?<\/strong><\/strong><\/span><\/span><span class=\"kt-blocks-accordion-icon-trigger\"><\/span><\/button><\/div><div class=\"kt-accordion-panel kt-accordion-panel-hidden\"><div class=\"kt-accordion-panel-inner\">\n<p>Para obtener un boleto electr\u00f3nico para su viaje a Rep\u00fablica Dominicana, puede visitar el sitio web de su aerol\u00ednea que opera sus vuelos a Rep\u00fablica Dominicana, el sitio web de inmigraci\u00f3n del gobierno o utilizar una agencia de viajes en l\u00ednea de buena reputaci\u00f3n como nosotros.<\/p>\n\n\n\n<p>Ingrese los detalles de su viaje, incluida su ciudad de salida, direcci\u00f3n en la R.D. y fechas de viaje. La <a href=\"https:\/\/dominicanrepubliceticket.eu\/es\/dr-e-ticket\/\">p\u00e1gina de solicitud para viajar a RD est\u00e1 aqu\u00ed.<\/a><\/p>\n<\/div><\/div><\/div>\n\n\n\n<div class=\"wp-block-kadence-pane kt-accordion-pane kt-accordion-pane-6 kt-pane744_0085bb-94\"><div class=\"kt-accordion-header-wrap\"><button class=\"kt-blocks-accordion-header kt-acccordion-button-label-show\" type=\"button\"><span class=\"kt-blocks-accordion-title-wrap\"><span class=\"kt-blocks-accordion-title\"><strong><strong>\u00bfCu\u00e1nto cuesta el billete electr\u00f3nico para DR?<\/strong><\/strong><\/span><\/span><span class=\"kt-blocks-accordion-icon-trigger\"><\/span><\/button><\/div><div class=\"kt-accordion-panel kt-accordion-panel-hidden\"><div class=\"kt-accordion-panel-inner\">\n<p>El costo de la asistencia de nuestros profesionales es de USD 74. Nuestros expertos en viajes verificar\u00e1n la informaci\u00f3n proporcionada en el formulario de solicitud, traduciendo cuando sea necesario, respondiendo cualquiera de sus preguntas en tiempo real a trav\u00e9s de chat, tel\u00e9fono o correo electr\u00f3nico.<\/p>\n\n\n\n<p>Nuestra promesa para usted es que ser\u00e1 aprobado o reembolsado al 100%.<\/p>\n<\/div><\/div><\/div>\n<\/div><\/div><\/div>\n<\/div><\/div>\n\n<\/div><\/div>\n\n\n<div style=\"height:0px\" aria-hidden=\"true\" class=\"wp-block-spacer\"><\/div>\n<\/div><\/div>\n\n<\/div><\/div>","protected":false},"excerpt":{"rendered":"<p>Si necesita ayuda o tiene preguntas sobre el proceso de solicitud y obtenci\u00f3n del e-Ticket dominicano, no dude en ponerse en contacto con nosotros a trav\u00e9s del formulario de contacto de esta p\u00e1gina. Un representante de servicio al cliente se pondr\u00e1 en contacto con Usted en breve. Contacto telef\u00f3nico:: Horario de atenci\u00f3n: B\u00fcroadresse: PREGUNTAS FRECUENTES:<\/p>\n","protected":false},"author":2,"featured_media":0,"parent":0,"menu_order":0,"comment_status":"closed","ping_status":"closed","template":"","meta":{"_kad_blocks_custom_css":"","_kad_blocks_head_custom_js":"","_kad_blocks_body_custom_js":"","_kad_blocks_footer_custom_js":"","_kad_post_transparent":"","_kad_post_title":"","_kad_post_layout":"normal","_kad_post_sidebar_id":"","_kad_post_content_style":"","_kad_post_vertical_padding":"","_kad_post_feature":"","_kad_post_feature_position":"","_kad_post_header":false,"_kad_post_footer":false,"_kad_post_classname":"","slim_seo":{"title":"Contactenos - Dominican Republic e-Ticket","description":""},"footnotes":""},"class_list":["post-744","page","type-page","status-publish","hentry"],"taxonomy_info":[],"featured_image_src_large":false,"author_info":{"display_name":"admin_1","author_link":"https:\/\/dominicanrepubliceticket.eu\/es\/author\/admin_1\/"},"comment_info":0,"_links":{"self":[{"href":"https:\/\/dominicanrepubliceticket.eu\/es\/wp-json\/wp\/v2\/pages\/744","targetHints":{"allow":["GET"]}}],"collection":[{"href":"https:\/\/dominicanrepubliceticket.eu\/es\/wp-json\/wp\/v2\/pages"}],"about":[{"href":"https:\/\/dominicanrepubliceticket.eu\/es\/wp-json\/wp\/v2\/types\/page"}],"author":[{"embeddable":true,"href":"https:\/\/dominicanrepubliceticket.eu\/es\/wp-json\/wp\/v2\/users\/2"}],"replies":[{"embeddable":true,"href":"https:\/\/dominicanrepubliceticket.eu\/es\/wp-json\/wp\/v2\/comments?post=744"}],"version-history":[{"count":0,"href":"https:\/\/dominicanrepubliceticket.eu\/es\/wp-json\/wp\/v2\/pages\/744\/revisions"}],"wp:attachment":[{"href":"https:\/\/dominicanrepubliceticket.eu\/es\/wp-json\/wp\/v2\/media?parent=744"}],"curies":[{"name":"wp","href":"https:\/\/api.w.org\/{rel}","templated":true}]}}